{"id":15250,"date":"2025-05-12T18:09:02","date_gmt":"2025-05-12T15:09:02","guid":{"rendered":"https:\/\/bodrumprivatetransfers.com\/?page_id=15250"},"modified":"2026-03-14T17:55:54","modified_gmt":"2026-03-14T14:55:54","slug":"bize-ulasin-2","status":"publish","type":"page","link":"https:\/\/bodrumprivatetransfers.com\/tr\/bize-ulasin-2\/","title":{"rendered":"Bize Ula\u015f\u0131n"},"content":{"rendered":"<div data-elementor-type=\"wp-page\" data-elementor-id=\"15250\" class=\"elementor elementor-15250\" data-elementor-post-type=\"page\">\n\t\t\t\t<div class=\"elementor-element elementor-element-79b7cca e-flex e-con-boxed e-con e-parent\" data-id=\"79b7cca\" data-element_type=\"container\" data-e-type=\"container\">\n\t\t\t\t\t<div class=\"e-con-inner\">\n\t\t<div class=\"elementor-element elementor-element-81ea492 e-con-full e-flex e-con e-child\" data-id=\"81ea492\" data-element_type=\"container\" data-e-type=\"container\">\n\t\t\t\t<div class=\"elementor-element elementor-element-74d8580 elementor-widget elementor-widget-heading\" data-id=\"74d8580\" data-element_type=\"widget\" data-e-type=\"widget\" data-widget_type=\"heading.default\">\n\t\t\t\t<div class=\"elementor-widget-container\">\n\t\t\t\t\t<h2 class=\"elementor-heading-title elementor-size-default\">Toplant\u0131 Ofisi\n<\/h2>\t\t\t\t<\/div>\n\t\t\t\t<\/div>\n\t\t\t\t<div class=\"elementor-element elementor-element-3feaf59 elementor-widget elementor-widget-google_maps\" data-id=\"3feaf59\" data-element_type=\"widget\" data-e-type=\"widget\" data-widget_type=\"google_maps.default\">\n\t\t\t\t<div class=\"elementor-widget-container\">\n\t\t\t\t\t\t\t<div class=\"elementor-custom-embed\">\n\t\t\t<iframe loading=\"lazy\"\n\t\t\t\t\tsrc=\"https:\/\/maps.google.com\/maps?q=G%C3%BCmbet%2C%20Yarbay%20Sabri%20Erg%C3%BCden%20Sk.%20No%3A12%2FA%2C%2048400%20Bodrum%2FMu%C4%9Fla&#038;t=m&#038;z=15&#038;output=embed&#038;iwloc=near\"\n\t\t\t\t\ttitle=\"G\u00fcmbet, Yarbay Sabri Erg\u00fcden Sk. No:12\/A, 48400 Bodrum\/Mu\u011fla\"\n\t\t\t\t\taria-label=\"G\u00fcmbet, Yarbay Sabri Erg\u00fcden Sk. No:12\/A, 48400 Bodrum\/Mu\u011fla\"\n\t\t\t><\/iframe>\n\t\t<\/div>\n\t\t\t\t\t\t<\/div>\n\t\t\t\t<\/div>\n\t\t\t\t<div class=\"elementor-element elementor-element-fda8ef2 elementor-widget elementor-widget-text-editor\" data-id=\"fda8ef2\" data-element_type=\"widget\" data-e-type=\"widget\" data-widget_type=\"text-editor.default\">\n\t\t\t\t<div class=\"elementor-widget-container\">\n\t\t\t\t\t\t\t\t\t<p>Ekinanbar\u0131, Milas - Bodrum Havaliman\u0131 D\u0131\u015f Hatlar<br \/>Terminal Toplant\u0131 Masas\u0131 22, milas \/ Mu\u011fla<\/p><p>Telefon: <a href=\"tel:+90 530 923 2343\">+90 530 923 2343<\/a><\/p><p>E-posta: <a href=\"mailto:info@bodrumprivatetransfers.com\">info@bodrumprivatetransfers.com<\/a><\/p>\t\t\t\t\t\t\t\t<\/div>\n\t\t\t\t<\/div>\n\t\t\t\t<\/div>\n\t\t<div class=\"elementor-element elementor-element-68d83b2 e-con-full e-flex e-con e-child\" data-id=\"68d83b2\" data-element_type=\"container\" data-e-type=\"container\">\n\t\t\t\t<div class=\"elementor-element elementor-element-e79b41a elementor-widget elementor-widget-heading\" data-id=\"e79b41a\" data-element_type=\"widget\" data-e-type=\"widget\" data-widget_type=\"heading.default\">\n\t\t\t\t<div class=\"elementor-widget-container\">\n\t\t\t\t\t<h2 class=\"elementor-heading-title elementor-size-default\">Merkez Ofis\n<\/h2>\t\t\t\t<\/div>\n\t\t\t\t<\/div>\n\t\t\t\t<div class=\"elementor-element elementor-element-ff188a3 elementor-widget elementor-widget-google_maps\" data-id=\"ff188a3\" data-element_type=\"widget\" data-e-type=\"widget\" data-widget_type=\"google_maps.default\">\n\t\t\t\t<div class=\"elementor-widget-container\">\n\t\t\t\t\t\t\t<div class=\"elementor-custom-embed\">\n\t\t\t<iframe loading=\"lazy\"\n\t\t\t\t\tsrc=\"https:\/\/maps.google.com\/maps?q=Ekinanbar%C4%B1%2C%20Milas%20%E2%80%93%20Bodrum%20Airport%20International%20Terminal%20Meeting%20Desk%2022%2C%20%20milas%20%2F%20Mu%C4%9Fla&#038;t=m&#038;z=15&#038;output=embed&#038;iwloc=near\"\n\t\t\t\t\ttitle=\"Ekinanbar\u0131, Milas - Bodrum Havaliman\u0131 D\u0131\u015f Hatlar Terminali Toplant\u0131 Masas\u0131 22, milas \/ Mu\u011fla\"\n\t\t\t\t\taria-label=\"Ekinanbar\u0131, Milas - Bodrum Havaliman\u0131 D\u0131\u015f Hatlar Terminali Toplant\u0131 Masas\u0131 22, milas \/ Mu\u011fla\"\n\t\t\t><\/iframe>\n\t\t<\/div>\n\t\t\t\t\t\t<\/div>\n\t\t\t\t<\/div>\n\t\t\t\t<div class=\"elementor-element elementor-element-20e9e67 elementor-widget elementor-widget-text-editor\" data-id=\"20e9e67\" data-element_type=\"widget\" data-e-type=\"widget\" data-widget_type=\"text-editor.default\">\n\t\t\t\t<div class=\"elementor-widget-container\">\n\t\t\t\t\t\t\t\t\t<p>G\u00fcmbet, Yarbay Sabri Erg\u00fcden Sk.<br \/>No:12\/A, 48400 Bodrum\/Mu\u011fla<\/p><p>Telefon: <a href=\"tel:+905516855909\">+90 551 685 5909<\/a><\/p><p>E-posta: <a href=\"mailto:info@bodrumprivatetransfers.com\">info@bodrumprivatetransfers.com<\/a><\/p>\t\t\t\t\t\t\t\t<\/div>\n\t\t\t\t<\/div>\n\t\t\t\t<\/div>\n\t\t\t\t\t<\/div>\n\t\t\t\t<\/div>\n\t\t\t\t<\/div>","protected":false},"excerpt":{"rendered":"<p>Meeting Office Ekinanbar\u0131, Milas \u2013 Bodrum Airport InternationalTerminal Meeting Desk 22,\u00a0 milas \/ Mu\u011fla Phone: +90 530 923 2343 Email: info@bodrumprivatetransfers.com Center Office G\u00fcmbet, Yarbay Sabri Erg\u00fcden Sk.No:12\/A, 48400 Bodrum\/Mu\u011fla Phone: +90 551 685 5909 Email: info@bodrumprivatetransfers.com<\/p>","protected":false},"author":3,"featured_media":0,"parent":0,"menu_order":0,"comment_status":"closed","ping_status":"closed","template":"elementor_header_footer","meta":{"_yoast_wpseo_metadesc":"Contact Bodrum Private Transfers for airport transfers, private tours, and travel services from Milas-Bodrum Airport (BJV).","_yoast_wpseo_canonical":"","_yoast_wpseo_opengraph-title":"","_yoast_wpseo_opengraph-description":"","_yoast_wpseo_opengraph-image":"","_yoast_wpseo_twitter-title":"","_yoast_wpseo_twitter-description":"","_yoast_wpseo_twitter-image":"","rank_math_description":"","rank_math_canonical_url":"","rank_math_facebook_title":"","rank_math_facebook_description":"","rank_math_facebook_image":"","rank_math_twitter_title":"","rank_math_twitter_description":"","rank_math_twitter_image":"","_seopress_titles_desc":"","_seopress_robots_canonical":"","_seopress_social_fb_title":"","_seopress_social_fb_desc":"","_seopress_social_fb_img":"","_seopress_social_twitter_title":"","_seopress_social_twitter_desc":"","_seopress_social_twitter_img":"","_yoast_wpseo_opengraph-image-id":0,"_yoast_wpseo_twitter-image-id":0,"rank_math_facebook_image_id":0,"rank_math_twitter_image_id":0,"footnotes":""},"class_list":["post-15250","page","type-page","status-publish","hentry"],"_links":{"self":[{"href":"https:\/\/bodrumprivatetransfers.com\/tr\/wp-json\/wp\/v2\/pages\/15250","targetHints":{"allow":["GET"]}}],"collection":[{"href":"https:\/\/bodrumprivatetransfers.com\/tr\/wp-json\/wp\/v2\/pages"}],"about":[{"href":"https:\/\/bodrumprivatetransfers.com\/tr\/wp-json\/wp\/v2\/types\/page"}],"author":[{"embeddable":true,"href":"https:\/\/bodrumprivatetransfers.com\/tr\/wp-json\/wp\/v2\/users\/3"}],"replies":[{"embeddable":true,"href":"https:\/\/bodrumprivatetransfers.com\/tr\/wp-json\/wp\/v2\/comments?post=15250"}],"version-history":[{"count":0,"href":"https:\/\/bodrumprivatetransfers.com\/tr\/wp-json\/wp\/v2\/pages\/15250\/revisions"}],"wp:attachment":[{"href":"https:\/\/bodrumprivatetransfers.com\/tr\/wp-json\/wp\/v2\/media?parent=15250"}],"curies":[{"name":"wp","href":"https:\/\/api.w.org\/{rel}","templated":true}]}}