{"id":16323,"date":"2026-03-14T14:46:55","date_gmt":"2026-03-14T11:46:55","guid":{"rendered":"https:\/\/bodrumprivatetransfers.com\/?page_id=16323"},"modified":"2026-03-14T17:56:37","modified_gmt":"2026-03-14T14:56:37","slug":"cerez-poli%cc%87ti%cc%87kasi","status":"publish","type":"page","link":"https:\/\/bodrumprivatetransfers.com\/tr\/cerez-poli%cc%87ti%cc%87kasi\/","title":{"rendered":"\u00c7erez Politikas\u0131"},"content":{"rendered":"<div data-elementor-type=\"wp-page\" data-elementor-id=\"16323\" class=\"elementor elementor-16323\" data-elementor-post-type=\"page\">\n\t\t\t\t<div class=\"elementor-element elementor-element-7712149 e-flex e-con-boxed e-con e-parent\" data-id=\"7712149\" data-element_type=\"container\" data-e-type=\"container\">\n\t\t\t\t\t<div class=\"e-con-inner\">\n\t\t\t\t<div class=\"elementor-element elementor-element-fd44088 elementor-widget elementor-widget-heading\" data-id=\"fd44088\" data-element_type=\"widget\" data-e-type=\"widget\" data-widget_type=\"heading.default\">\n\t\t\t\t<div class=\"elementor-widget-container\">\n\t\t\t\t\t<h2 class=\"elementor-heading-title elementor-size-default\">\u00c7erez Politikas\u0131<\/h2>\t\t\t\t<\/div>\n\t\t\t\t<\/div>\n\t\t\t\t\t<\/div>\n\t\t\t\t<\/div>\n\t\t<div class=\"elementor-element elementor-element-88932fc e-flex e-con-boxed e-con e-parent\" data-id=\"88932fc\" data-element_type=\"container\" data-e-type=\"container\">\n\t\t\t\t\t<div class=\"e-con-inner\">\n\t\t\t\t<div class=\"elementor-element elementor-element-469fb9e elementor-widget elementor-widget-text-editor\" data-id=\"469fb9e\" data-element_type=\"widget\" data-e-type=\"widget\" data-widget_type=\"text-editor.default\">\n\t\t\t\t<div class=\"elementor-widget-container\">\n\t\t\t\t\t\t\t\t\t<p data-start=\"205\" data-end=\"545\">At <strong data-start=\"208\" data-end=\"236\">Bodrum \u00d6zel Transferler<\/strong>, web sitemizi kullanan her ziyaret\u00e7i i\u00e7in sorunsuz, g\u00fcvenli ve ki\u015fiselle\u015ftirilmi\u015f bir deneyim sa\u011flamay\u0131 taahh\u00fct ediyoruz. Bu taahh\u00fcd\u00fcn bir par\u00e7as\u0131 olarak, web sitemiz i\u015flevselli\u011fi geli\u015ftirmek, web sitesi performans\u0131n\u0131 analiz etmek ve kullan\u0131c\u0131lar\u0131m\u0131z i\u00e7in genel tarama deneyimini geli\u015ftirmek i\u00e7in \u00e7erezler ve benzer teknolojiler kullan\u0131r.<\/p><p data-start=\"547\" data-end=\"926\">\u00c7erezler, bir web sitesini ziyaret ederken kullan\u0131c\u0131n\u0131n cihaz\u0131nda depolanan k\u00fc\u00e7\u00fck metin dosyalar\u0131d\u0131r. Bu dosyalar, web sitesinin geri d\u00f6nen ziyaret\u00e7ileri tan\u0131mas\u0131na, tercihleri hat\u0131rlamas\u0131na ve web sitesinin nas\u0131l kullan\u0131ld\u0131\u011f\u0131 hakk\u0131nda bilgi toplamas\u0131na olanak tan\u0131r. \u00c7erezleri kullanarak ziyaret\u00e7i davran\u0131\u015f\u0131n\u0131 daha iyi anlayabilir ve daha h\u0131zl\u0131, daha verimli ve kullan\u0131c\u0131 dostu bir deneyim sunmak i\u00e7in web sitemizi optimize edebiliriz.<\/p><p data-start=\"928\" data-end=\"1287\">Ziyaret etti\u011finizde <strong data-start=\"947\" data-end=\"975\">Bodrum \u00d6zel Transferler<\/strong> web sitesini ziyaret etti\u011finizde, cihaz\u0131n\u0131za otomatik olarak belirli \u00e7erezler yerle\u015ftirilebilir. Bu \u00e7erezler web sitesinin d\u00fczg\u00fcn \u00e7al\u0131\u015fmas\u0131na yard\u0131mc\u0131 olur ve rezervasyon \u00f6zellikleri, sayfada gezinme ve web sitesi g\u00fcvenli\u011fi gibi \u00f6nemli hizmetleri sunmam\u0131z\u0131 sa\u011flar. Bu \u00e7erezler olmadan, web sitesinin belirli b\u00f6l\u00fcmleri ama\u00e7land\u0131\u011f\u0131 gibi \u00e7al\u0131\u015fmayabilir.<\/p><p data-start=\"1289\" data-end=\"1675\">\u00c7erezler ayr\u0131ca ziyaret\u00e7ilerin web sitemizle nas\u0131l etkile\u015fimde bulundu\u011funu analiz etmemize yard\u0131mc\u0131 olur. \u00d6rne\u011fin, \u00e7erezler hangi sayfalar\u0131n en s\u0131k ziyaret edildi\u011fi, ziyaret\u00e7ilerin belirli sayfalarda ne kadar s\u00fcre kald\u0131\u011f\u0131 ve kullan\u0131c\u0131lar\u0131n web sitesinin b\u00f6l\u00fcmleri aras\u0131nda nas\u0131l gezindi\u011fi hakk\u0131nda bilgi toplayabilir. Bu bilgiler, web sitesini geli\u015ftirebilece\u011fimiz alanlar\u0131 belirlememize ve m\u00fc\u015fterilerimize sundu\u011fumuz hizmetleri geli\u015ftirmemize yard\u0131mc\u0131 olur.<\/p><p data-start=\"1677\" data-end=\"2027\">Kullan\u0131lan baz\u0131 \u00e7erezler <strong data-start=\"1702\" data-end=\"1730\">Bodrum \u00d6zel Transferler<\/strong> web sitesi, sitenin \u00e7al\u0131\u015fmas\u0131 i\u00e7in gereklidir. Bu temel \u00e7erezler, rezervasyon formlar\u0131, sayfa y\u00fckleme ve g\u00fcvenli tarama gibi temel web sitesi i\u015flevlerinin do\u011fru \u015fekilde \u00e7al\u0131\u015fmas\u0131n\u0131 sa\u011flar. Bu \u00e7erezler ki\u015fisel bilgi toplamaz ve web sitesinin temel i\u015fleyi\u015fi i\u00e7in gereklidir.<\/p><p data-start=\"2029\" data-end=\"2373\">Temel \u00e7erezlere ek olarak, web sitemiz performans ve analiz \u00e7erezleri kullanabilir. Bu \u00e7erezler, web sitesi trafi\u011fini izlememize ve ziyaret\u00e7ilerin web sitesi ile nas\u0131l etkile\u015fimde bulundu\u011funu anlamam\u0131za olanak tan\u0131r. Bu \u00e7erezler arac\u0131l\u0131\u011f\u0131yla toplanan bilgiler genellikle anonimdir ve \u00e7evrimi\u00e7i platformumuzun tasar\u0131m\u0131n\u0131, i\u00e7eri\u011fini ve performans\u0131n\u0131 geli\u015ftirmemize yard\u0131mc\u0131 olur.<\/p><p data-start=\"2375\" data-end=\"2844\">Web sitesi performans\u0131n\u0131 ve ziyaret\u00e7i kat\u0131l\u0131m\u0131n\u0131 \u00f6l\u00e7mek i\u00e7in analitik ara\u00e7lar da kullan\u0131labilir. Bu ara\u00e7lar, web sitesine eri\u015fmek i\u00e7in kullan\u0131lan cihaz t\u00fcr\u00fc, ziyaret\u00e7ilerin co\u011frafi konumu ve sitede izlenen tarama modelleri dahil olmak \u00fczere genel kullan\u0131c\u0131 davran\u0131\u015f\u0131n\u0131 anlamam\u0131za yard\u0131mc\u0131 olur. Bu bilgiler, web sitesini s\u00fcrekli olarak optimize etmemize ve Bodrum'da g\u00fcvenilir havaalan\u0131 transferleri ve VIP ula\u015f\u0131m arayan gezginlere daha iyi hizmetler sunmam\u0131za yard\u0131mc\u0131 olur.<\/p><p data-start=\"2846\" data-end=\"3187\">\u00c7erezler ayr\u0131ca bir tarama oturumu s\u0131ras\u0131nda belirli kullan\u0131c\u0131 tercihlerinin hat\u0131rlanmas\u0131na yard\u0131mc\u0131 olabilir. \u00d6rne\u011fin, \u00e7erezler web sitesinin rezervasyon formlar\u0131na daha \u00f6nce girilen bilgileri hat\u0131rlamas\u0131na veya gezinme tercihlerini takip etmesine yard\u0131mc\u0131 olabilir. Bu, ziyaret\u00e7ilerin her ziyaretlerinde eylemleri tekrarlamalar\u0131na gerek kalmadan web sitesiyle daha verimli bir \u015fekilde etkile\u015fime girmelerine yard\u0131mc\u0131 olur.<\/p><p data-start=\"3189\" data-end=\"3466\">Bu <strong data-start=\"3193\" data-end=\"3221\">Bodrum \u00d6zel Transferler<\/strong> web sitesi hassas ki\u015fisel verileri veya gizli bilgileri toplamak i\u00e7in \u00e7erez kullanmaz. \u00c7erezler arac\u0131l\u0131\u011f\u0131yla toplanan t\u00fcm veriler kesinlikle web sitesi i\u015flevselli\u011fini geli\u015ftirmek, performans\u0131 analiz etmek ve daha iyi bir kullan\u0131c\u0131 deneyimi sa\u011flamak i\u00e7in kullan\u0131l\u0131r.<\/p><p data-start=\"3468\" data-end=\"3824\">Kullan\u0131c\u0131lar, taray\u0131c\u0131 ayarlar\u0131 arac\u0131l\u0131\u011f\u0131yla \u00e7erezleri kontrol etme ve y\u00f6netme olana\u011f\u0131na sahiptir. \u00c7o\u011fu web taray\u0131c\u0131s\u0131, kullan\u0131c\u0131lar\u0131n \u00e7erezleri kabul etmelerine, \u00e7erezleri reddetmelerine veya cihazlar\u0131nda zaten depolanm\u0131\u015f olan \u00e7erezleri silmelerine izin verir. Kullan\u0131c\u0131lar \u00e7erezleri tamamen devre d\u0131\u015f\u0131 b\u0131rakmay\u0131 se\u00e7erse, web sitesinin baz\u0131 b\u00f6l\u00fcmleri d\u00fczg\u00fcn \u00e7al\u0131\u015fmayabilir veya belirli \u00f6zellikler kullan\u0131lamayabilir.<\/p><p data-start=\"3826\" data-end=\"4108\">Farkl\u0131 taray\u0131c\u0131lar \u00e7erez tercihlerini y\u00f6netmek i\u00e7in farkl\u0131 y\u00f6ntemler sunar ve kullan\u0131c\u0131lar ayarlar\u0131n\u0131 gizlilik tercihlerine g\u00f6re d\u00fczenleyebilirler. \u00c7erezleri taray\u0131c\u0131 ayarlar\u0131 arac\u0131l\u0131\u011f\u0131yla y\u00f6netmek, kullan\u0131c\u0131lara web sitelerinde gezinirken \u00e7erezlerin nas\u0131l saklanaca\u011f\u0131 ve kullan\u0131laca\u011f\u0131 konusunda tam kontrol sa\u011flar.<\/p><p data-start=\"4110\" data-end=\"4488\">\u00c7erezlerin web sitesine entegre edilmi\u015f g\u00fcvenilir \u00fc\u00e7\u00fcnc\u00fc taraf hizmetleri taraf\u0131ndan da kullan\u0131labilece\u011fini unutmamak \u00f6nemlidir. Bu hizmetler, web sitesini korumaya ve performans\u0131n\u0131 art\u0131rmaya yard\u0131mc\u0131 olan web sitesi analiz platformlar\u0131n\u0131, rezervasyon sistemlerini veya g\u00fcvenlik ara\u00e7lar\u0131n\u0131 i\u00e7erebilir. Web sitesinde kullan\u0131lan t\u00fcm \u00fc\u00e7\u00fcnc\u00fc taraf ara\u00e7lar\u0131, modern veri koruma standartlar\u0131na uyacak \u015fekilde \u00f6zenle se\u00e7ilmektedir.<\/p><p data-start=\"4490\" data-end=\"4896\">At <strong data-start=\"4493\" data-end=\"4521\">Bodrum \u00d6zel Transferler<\/strong>, \u015feffafl\u0131k ve m\u00fc\u015fteri g\u00fcveni bizim i\u00e7in \u00e7ok \u00f6nemlidir. \u00c7erezleri sorumlu bir \u015fekilde ve yaln\u0131zca hizmetlerimizi geli\u015ftirmemize ve kullan\u0131c\u0131 deneyimini iyile\u015ftirmemize yard\u0131mc\u0131 olan ama\u00e7lar i\u00e7in kullan\u0131yoruz. Amac\u0131m\u0131z, ziyaret\u00e7ilerin VIP havaalan\u0131 transfer hizmetlerimiz, \u00f6zel turlar\u0131m\u0131z ve Bodrum ve \u00e7evresindeki l\u00fcks ula\u015f\u0131m se\u00e7eneklerimiz hakk\u0131nda kolayca bilgi bulabilmelerini sa\u011flamakt\u0131r.<\/p><p data-start=\"4898\" data-end=\"5191\">Bu \u00c7erez Politikas\u0131, teknolojideki, web sitesi i\u015flevselli\u011findeki veya ge\u00e7erli d\u00fczenlemelerdeki de\u011fi\u015fiklikleri yans\u0131tmak i\u00e7in zaman zaman g\u00fcncellenebilir. G\u00fcncellemeler ger\u00e7ekle\u015fti\u011finde, ziyaret\u00e7ilerin web sitemizde \u00e7erezlerin nas\u0131l kullan\u0131ld\u0131\u011f\u0131 hakk\u0131nda her zaman bilgi sahibi olmalar\u0131n\u0131 sa\u011flamak i\u00e7in revize edilmi\u015f s\u00fcr\u00fcm bu sayfada yay\u0131nlanacakt\u0131r.<\/p><p data-start=\"5193\" data-end=\"5510\">Kullanmaya devam ederek <strong data-start=\"5218\" data-end=\"5246\">Bodrum \u00d6zel Transferler<\/strong> web sitesini ziyaret eden ziyaret\u00e7iler, \u00e7erezlerin bu politikada a\u00e7\u0131kland\u0131\u011f\u0131 \u015fekilde kullan\u0131lmas\u0131n\u0131 kabul etmi\u015f olurlar. Kullan\u0131c\u0131lar\u0131n \u00e7erez kullan\u0131m\u0131m\u0131z veya web sitemizde uygulanan teknolojilerle ilgili herhangi bir sorusu varsa, web sitesinde bulunan ileti\u015fim bilgileri arac\u0131l\u0131\u011f\u0131yla ekibimizle ileti\u015fime ge\u00e7ebilirler.<\/p><p data-start=\"5512\" data-end=\"5721\" data-is-last-node=\"\" data-is-only-node=\"\">At <strong data-start=\"5515\" data-end=\"5543\">Bodrum \u00d6zel Transferler<\/strong>, olarak, sadece g\u00fcvenilir ve konforlu ula\u015f\u0131m hizmetleri de\u011fil, ayn\u0131 zamanda web sitemizle etkile\u015fime giren t\u00fcm ziyaret\u00e7iler i\u00e7in g\u00fcvenli ve \u015feffaf bir dijital deneyim sunmay\u0131 hedefliyoruz.<\/p>\t\t\t\t\t\t\t\t<\/div>\n\t\t\t\t<\/div>\n\t\t\t\t\t<\/div>\n\t\t\t\t<\/div>\n\t\t\t\t<\/div>","protected":false},"excerpt":{"rendered":"<p>Cookie Policy At Bodrum Private Transfers, we are committed to providing a smooth, secure, and personalized experience for every visitor who uses our website. As part of this commitment, our website uses cookies and similar technologies to improve functionality, analyze website performance, and enhance the overall browsing experience for our users. Cookies are small text [&hellip;]<\/p>\n","protected":false},"author":3,"featured_media":0,"parent":0,"menu_order":0,"comment_status":"closed","ping_status":"closed","template":"","meta":{"_yoast_wpseo_metadesc":"Bodrum Private Transfers cookie policy. Learn how we use cookies to improve website performance and user experience.","_yoast_wpseo_canonical":"","_yoast_wpseo_opengraph-title":"","_yoast_wpseo_opengraph-description":"","_yoast_wpseo_opengraph-image":"","_yoast_wpseo_twitter-title":"","_yoast_wpseo_twitter-description":"","_yoast_wpseo_twitter-image":"","rank_math_description":"","rank_math_canonical_url":"","rank_math_facebook_title":"","rank_math_facebook_description":"","rank_math_facebook_image":"","rank_math_twitter_title":"","rank_math_twitter_description":"","rank_math_twitter_image":"","_seopress_titles_desc":"","_seopress_robots_canonical":"","_seopress_social_fb_title":"","_seopress_social_fb_desc":"","_seopress_social_fb_img":"","_seopress_social_twitter_title":"","_seopress_social_twitter_desc":"","_seopress_social_twitter_img":"","_yoast_wpseo_opengraph-image-id":0,"_yoast_wpseo_twitter-image-id":0,"rank_math_facebook_image_id":0,"rank_math_twitter_image_id":0,"footnotes":""},"class_list":["post-16323","page","type-page","status-publish","hentry"],"_links":{"self":[{"href":"https:\/\/bodrumprivatetransfers.com\/tr\/wp-json\/wp\/v2\/pages\/16323","targetHints":{"allow":["GET"]}}],"collection":[{"href":"https:\/\/bodrumprivatetransfers.com\/tr\/wp-json\/wp\/v2\/pages"}],"about":[{"href":"https:\/\/bodrumprivatetransfers.com\/tr\/wp-json\/wp\/v2\/types\/page"}],"author":[{"embeddable":true,"href":"https:\/\/bodrumprivatetransfers.com\/tr\/wp-json\/wp\/v2\/users\/3"}],"replies":[{"embeddable":true,"href":"https:\/\/bodrumprivatetransfers.com\/tr\/wp-json\/wp\/v2\/comments?post=16323"}],"version-history":[{"count":0,"href":"https:\/\/bodrumprivatetransfers.com\/tr\/wp-json\/wp\/v2\/pages\/16323\/revisions"}],"wp:attachment":[{"href":"https:\/\/bodrumprivatetransfers.com\/tr\/wp-json\/wp\/v2\/media?parent=16323"}],"curies":[{"name":"wp","href":"https:\/\/api.w.org\/{rel}","templated":true}]}}