{"id":16328,"date":"2026-03-14T14:49:33","date_gmt":"2026-03-14T11:49:33","guid":{"rendered":"https:\/\/bodrumprivatetransfers.com\/?page_id=16328"},"modified":"2026-03-14T14:50:27","modified_gmt":"2026-03-14T11:50:27","slug":"kullanim-kosullari","status":"publish","type":"page","link":"https:\/\/bodrumprivatetransfers.com\/tr\/kullanim-kosullari\/","title":{"rendered":"Kullan\u0131m Ko\u015fullar\u0131"},"content":{"rendered":"<div data-elementor-type=\"wp-page\" data-elementor-id=\"16328\" class=\"elementor elementor-16328\" data-elementor-post-type=\"page\">\n\t\t\t\t<div class=\"elementor-element elementor-element-c2223ed e-flex e-con-boxed e-con e-parent\" data-id=\"c2223ed\" data-element_type=\"container\" data-e-type=\"container\">\n\t\t\t\t\t<div class=\"e-con-inner\">\n\t\t\t\t<div class=\"elementor-element elementor-element-a678c0f elementor-widget elementor-widget-heading\" data-id=\"a678c0f\" data-element_type=\"widget\" data-e-type=\"widget\" data-widget_type=\"heading.default\">\n\t\t\t\t<div class=\"elementor-widget-container\">\n\t\t\t\t\t<h2 class=\"elementor-heading-title elementor-size-default\">Kullan\u0131m Ko\u015fullar\u0131<\/h2>\t\t\t\t<\/div>\n\t\t\t\t<\/div>\n\t\t\t\t<div class=\"elementor-element elementor-element-959efc5 elementor-widget elementor-widget-text-editor\" data-id=\"959efc5\" data-element_type=\"widget\" data-e-type=\"widget\" data-widget_type=\"text-editor.default\">\n\t\t\t\t<div class=\"elementor-widget-container\">\n\t\t\t\t\t\t\t\t\t<p data-start=\"239\" data-end=\"522\">Web sitesine ho\u015f geldiniz <strong data-start=\"265\" data-end=\"293\">Bodrum \u00d6zel Transferler<\/strong>. Bu web sitesine eri\u015ferek ve kullanarak, a\u015fa\u011f\u0131daki Kullan\u0131m Ko\u015fullar\u0131na uymay\u0131 kabul etmi\u015f olursunuz. Bu ko\u015fullar, platform arac\u0131l\u0131\u011f\u0131yla sa\u011flanan t\u00fcm i\u00e7erik, hizmetler ve bilgiler dahil olmak \u00fczere web sitesine eri\u015fiminizi ve web sitesini kullan\u0131m\u0131n\u0131z\u0131 y\u00f6netir.<\/p><p data-start=\"524\" data-end=\"818\">Bu web sitesinin amac\u0131, Bodrum ve \u00e7evre b\u00f6lgelerdeki l\u00fcks havaalan\u0131 transfer hizmetlerimiz, \u00f6zel ula\u015f\u0131m se\u00e7eneklerimiz ve seyahatle ilgili hizmetlerimiz hakk\u0131nda bilgi sa\u011flamakt\u0131r. Bu web sitesini kullanarak, bu \u015fartlar\u0131 okudu\u011funuzu, anlad\u0131\u011f\u0131n\u0131z\u0131 ve kabul etti\u011finizi onaylam\u0131\u015f olursunuz.<\/p><p data-start=\"820\" data-end=\"918\">Bu Kullan\u0131m Ko\u015fullar\u0131n\u0131n herhangi bir b\u00f6l\u00fcm\u00fcn\u00fc kabul etmiyorsan\u0131z, web sitesini kullanmay\u0131 b\u0131rakmal\u0131s\u0131n\u0131z.<\/p><hr data-start=\"920\" data-end=\"923\" \/><h2 data-section-id=\"vsru6l\" data-start=\"925\" data-end=\"950\"><strong data-start=\"928\" data-end=\"950\">Web Sitesinin Kullan\u0131m\u0131<\/strong><\/h2><p data-start=\"952\" data-end=\"1253\">Bu <strong data-start=\"956\" data-end=\"984\">Bodrum \u00d6zel Transferler<\/strong> web sitesi, ziyaret\u00e7ilere hizmetlerimiz hakk\u0131nda bilgi vermeyi ve kullan\u0131c\u0131lar\u0131n transfer rezervasyonlar\u0131 yapmalar\u0131na veya ekibimizle ileti\u015fime ge\u00e7melerine olanak sa\u011flamay\u0131 ama\u00e7lamaktad\u0131r. Kullan\u0131c\u0131lar web sitesini yaln\u0131zca yasal ama\u00e7larla ve y\u00fcr\u00fcrl\u00fckteki yasa veya y\u00f6netmelikleri ihlal etmeyecek \u015fekilde kullanmay\u0131 kabul eder.<\/p><p data-start=\"1255\" data-end=\"1427\">Web sitesini, web sitesinin normal \u00e7al\u0131\u015fmas\u0131na zarar verebilecek, devre d\u0131\u015f\u0131 b\u0131rakabilecek veya m\u00fcdahale edebilecek ya da di\u011fer kullan\u0131c\u0131lar\u0131n platforma eri\u015fimini etkileyebilecek herhangi bir \u015fekilde kullanmamay\u0131 kabul edersiniz.<\/p><p data-start=\"1429\" data-end=\"1568\">Web sitesinin k\u0131s\u0131tl\u0131 alanlar\u0131na eri\u015fmeye, rezervasyon sistemlerini k\u00f6t\u00fcye kullanmaya veya teknik g\u00fcvenlik a\u00e7\u0131klar\u0131ndan yararlanmaya y\u00f6nelik her t\u00fcrl\u00fc giri\u015fim kesinlikle yasakt\u0131r.<\/p><hr data-start=\"1570\" data-end=\"1573\" \/><h2 data-section-id=\"8t1uz8\" data-start=\"1575\" data-end=\"1601\"><strong data-start=\"1578\" data-end=\"1601\">Hizmet Bilgileri<\/strong><\/h2><p data-start=\"1603\" data-end=\"1851\">Bu web sitesinde sunulan bilgiler, a\u015fa\u011f\u0131dakiler taraf\u0131ndan sunulan ta\u015f\u0131mac\u0131l\u0131k hizmetleri hakk\u0131nda genel ayr\u0131nt\u0131lar sa\u011flamay\u0131 ama\u00e7lamaktad\u0131r <strong data-start=\"1729\" data-end=\"1757\">Bodrum \u00d6zel Transferler<\/strong>, havaalan\u0131 transferleri, \u00f6zel turlar, VIP ta\u015f\u0131mac\u0131l\u0131\u011f\u0131 ve ilgili seyahat hizmetleri dahil olmak \u00fczere.<\/p><p data-start=\"1853\" data-end=\"2130\">Web sitesindeki t\u00fcm bilgilerin do\u011fru ve g\u00fcncel olmas\u0131n\u0131 sa\u011flamaya \u00e7al\u0131\u015fsak da, t\u00fcm i\u00e7eri\u011fin her zaman tamamen do\u011fru, eksiksiz veya g\u00fcncel olaca\u011f\u0131n\u0131 garanti etmiyoruz. Hizmet a\u00e7\u0131klamalar\u0131, fiyatland\u0131rma bilgileri ve kullan\u0131labilirlik \u00f6nceden haber verilmeksizin de\u011fi\u015ftirilebilir.<\/p><p data-start=\"2132\" data-end=\"2256\">Ziyaret\u00e7ilerin hizmet detaylar\u0131 veya rezervasyonlarla ilgili teyide ihtiya\u00e7 duymalar\u0131 halinde do\u011frudan ekibimizle ileti\u015fime ge\u00e7meleri tavsiye edilir.<\/p><hr data-start=\"2258\" data-end=\"2261\" \/><h2 data-section-id=\"myjw67\" data-start=\"2263\" data-end=\"2293\"><strong data-start=\"2266\" data-end=\"2293\">Rezervasyon ve Rezervasyon<\/strong><\/h2><p data-start=\"2295\" data-end=\"2540\">Kullan\u0131c\u0131lar, web sitesinin rezervasyon formlar\u0131 veya ileti\u015fim kanallar\u0131 arac\u0131l\u0131\u011f\u0131yla transfer hizmetleri veya ula\u015f\u0131m rezervasyonlar\u0131 talep edebilirler. Kullan\u0131c\u0131lar, rezervasyon talebinde bulunurken hizmet i\u00e7in gerekli olan bilgileri do\u011fru ve eksiksiz olarak vermeyi kabul ederler.<\/p><p data-start=\"2542\" data-end=\"2684\">Bu bilgiler seyahat tarihlerini, teslim alma yerlerini, var\u0131\u015f yeri ayr\u0131nt\u0131lar\u0131n\u0131, yolcu say\u0131s\u0131n\u0131 ve gerekti\u011finde u\u00e7u\u015f bilgilerini i\u00e7erebilir.<\/p><p data-start=\"2686\" data-end=\"2915\">Yanl\u0131\u015f veya eksik rezervasyon bilgilerinin verilmesi hizmet gecikmelerine veya operasyonel sorunlara neden olabilir ve <strong data-start=\"2796\" data-end=\"2824\">Bodrum \u00d6zel Transferler<\/strong> m\u00fc\u015fteri\u0307 tarafindan sa\u011flanan yanli\u015f bi\u0307lgi\u0307lerden kaynaklanan aksakliklardan sorumlu tutulamaz.<\/p><hr data-start=\"2917\" data-end=\"2920\" \/><h2 data-section-id=\"10u6s2m\" data-start=\"2922\" data-end=\"2950\"><strong data-start=\"2925\" data-end=\"2950\">Fikri M\u00fclkiyet<\/strong><\/h2><p data-start=\"2952\" data-end=\"3201\">T\u00fcm i\u00e7erik <strong data-start=\"2971\" data-end=\"2999\">Bodrum \u00d6zel Transferler<\/strong> metin, logolar, resimler, grafikler, tasar\u0131m \u00f6\u011feleri ve web sitesi yap\u0131s\u0131 dahil olmak \u00fczere web sitesi, fikri m\u00fclkiyet yasalar\u0131 ile korunmaktad\u0131r ve <strong data-start=\"3148\" data-end=\"3176\">Bodrum \u00d6zel Transferler<\/strong> aksi belirtilmedik\u00e7e.<\/p><p data-start=\"3203\" data-end=\"3395\">Kullan\u0131c\u0131lar \u00f6nceden yaz\u0131l\u0131 izin almadan herhangi bir web sitesi i\u00e7eri\u011fini \u00e7o\u011faltamaz, da\u011f\u0131tamaz, kopyalayamaz veya de\u011fi\u015ftiremez. Web sitesi materyallerinin izinsiz kullan\u0131m\u0131 telif hakk\u0131 veya ticari marka d\u00fczenlemelerini ihlal edebilir.<\/p><p data-start=\"3397\" data-end=\"3487\">Web sitesi i\u00e7eri\u011fi yaln\u0131zca hizmetlerimizle ilgili bilgilendirme ama\u00e7l\u0131d\u0131r.<\/p><hr data-start=\"3489\" data-end=\"3492\" \/><h2 data-section-id=\"17f4usj\" data-start=\"3494\" data-end=\"3524\"><strong data-start=\"3497\" data-end=\"3524\">Sorumlulu\u011fun S\u0131n\u0131rland\u0131r\u0131lmas\u0131<\/strong><\/h2><p data-start=\"3526\" data-end=\"3729\">Web sitemizin d\u00fczg\u00fcn \u00e7al\u0131\u015fmas\u0131 ve g\u00fcvenilir bilgi sa\u011flamas\u0131 i\u00e7in her t\u00fcrl\u00fc \u00e7abay\u0131 g\u00f6steriyoruz, <strong data-start=\"3634\" data-end=\"3662\">Bodrum \u00d6zel Transferler<\/strong> web sitesine her zaman kesintisiz eri\u015fimi garanti edemez.<\/p><p data-start=\"3731\" data-end=\"3931\">Teknik kesintiler, bilgi yanl\u0131\u015fl\u0131klar\u0131 veya kontrol\u00fcm\u00fcz d\u0131\u015f\u0131ndaki d\u0131\u015f etkenler de dahil olmak \u00fczere, web sitesinin kullan\u0131m\u0131ndan kaynaklanan do\u011frudan veya dolayl\u0131 zararlardan sorumlu de\u011filiz.<\/p><p data-start=\"3933\" data-end=\"4009\">Kullan\u0131c\u0131lar web sitesine kendi takdirleri ve sorumluluklar\u0131 dahilinde eri\u015fir ve kullan\u0131rlar.<\/p><hr data-start=\"4011\" data-end=\"4014\" \/><h2 data-section-id=\"dfjqln\" data-start=\"4016\" data-end=\"4037\"><strong data-start=\"4019\" data-end=\"4037\">D\u0131\u015f Ba\u011flant\u0131lar<\/strong><\/h2><p data-start=\"4039\" data-end=\"4231\">Web sitemiz, bilgilendirme amac\u0131yla harici web sitelerine veya \u00fc\u00e7\u00fcnc\u00fc taraf kaynaklar\u0131na ba\u011flant\u0131lar i\u00e7erebilir. Bu ba\u011flant\u0131lar kullan\u0131c\u0131lar\u0131 seyahat rehberlerine, turizm bilgilerine veya ilgili hizmetlere y\u00f6nlendirebilir.<\/p><p data-start=\"4233\" data-end=\"4485\"><strong data-start=\"4233\" data-end=\"4261\">Bodrum \u00d6zel Transferler<\/strong> bu harici web sitelerini kontrol etmez veya i\u015fletmez ve i\u00e7eriklerinden, gizlilik politikalar\u0131ndan veya uygulamalar\u0131ndan sorumlu de\u011fildir. Harici web sitelerini ziyaret eden kullan\u0131c\u0131lar, bu sitelerin h\u00fck\u00fcm ve politikalar\u0131n\u0131 ayr\u0131ca incelemelidir.<\/p><hr data-start=\"4487\" data-end=\"4490\" \/><h2 data-section-id=\"2ijmrs\" data-start=\"4492\" data-end=\"4515\"><strong data-start=\"4495\" data-end=\"4515\">Web Sitesi G\u00fcvenli\u011fi<\/strong><\/h2><p data-start=\"4517\" data-end=\"4748\">Kullan\u0131c\u0131lar, web sitesinin g\u00fcvenli\u011fini tehlikeye atabilecek herhangi bir faaliyette bulunmamay\u0131 kabul eder. Buna k\u00f6t\u00fc ama\u00e7l\u0131 yaz\u0131l\u0131m ekleme giri\u015fimleri, yetkisiz eri\u015fim giri\u015fimleri veya web sitesinin i\u015flevselli\u011fini bozabilecek eylemler de dahildir.<\/p><p data-start=\"4750\" data-end=\"4906\">\u00c7evrimi\u00e7i platformumuzun g\u00fcvenli\u011fini ve istikrar\u0131n\u0131 korumak bir \u00f6nceliktir ve herhangi bir k\u00f6t\u00fcye kullan\u0131m, eri\u015fimin k\u0131s\u0131tlanmas\u0131na veya uygun oldu\u011fu durumlarda yasal i\u015flemlere neden olabilir.<\/p><hr data-start=\"4908\" data-end=\"4911\" \/><h2 data-section-id=\"qq126d\" data-start=\"4913\" data-end=\"4947\"><strong data-start=\"4916\" data-end=\"4947\">Kullan\u0131m Ko\u015fullar\u0131ndaki De\u011fi\u015fiklikler<\/strong><\/h2><p data-start=\"4949\" data-end=\"5134\"><strong data-start=\"4949\" data-end=\"4977\">Bodrum \u00d6zel Transferler<\/strong> hizmetlerdeki, web sitesi i\u015flevselli\u011findeki veya yasal gerekliliklerdeki de\u011fi\u015fiklikleri yans\u0131tmak i\u00e7in bu Kullan\u0131m Ko\u015fullar\u0131n\u0131 herhangi bir zamanda g\u00fcncelleme veya de\u011fi\u015ftirme hakk\u0131n\u0131 sakl\u0131 tutar.<\/p><p data-start=\"5136\" data-end=\"5298\">G\u00fcncellemeler ger\u00e7ekle\u015fti\u011finde, revize edilen Kullan\u0131m Ko\u015fullar\u0131 bu sayfada yay\u0131nlanacakt\u0131r. G\u00fcncellemelerden sonra web sitesinin kullan\u0131lmaya devam edilmesi, revize edilen \u015fartlar\u0131n kabul edildi\u011fini g\u00f6sterir.<\/p><hr data-start=\"5300\" data-end=\"5303\" \/><h2 data-section-id=\"1s0pidl\" data-start=\"5305\" data-end=\"5331\"><strong data-start=\"5308\" data-end=\"5331\">\u0130leti\u015fim Bilgileri<\/strong><\/h2><p data-start=\"5333\" data-end=\"5536\">Bu Kullan\u0131m Ko\u015fullar\u0131 veya web sitesi arac\u0131l\u0131\u011f\u0131yla sa\u011flanan hizmetlerle ilgili herhangi bir sorunuz varsa, a\u015fa\u011f\u0131dakilerle ileti\u015fime ge\u00e7ebilirsiniz <strong data-start=\"5450\" data-end=\"5478\">Bodrum \u00d6zel Transferler<\/strong> web sitesinde bulunan ileti\u015fim bilgileri arac\u0131l\u0131\u011f\u0131yla.<\/p><p data-start=\"5538\" data-end=\"5645\">Ekibimiz rezervasyonlar, hizmetler veya web sitesi politikalar\u0131 ile ilgili her t\u00fcrl\u00fc sorunuzda yard\u0131mc\u0131 olmaktan mutluluk duyacakt\u0131r.<\/p>\t\t\t\t\t\t\t\t<\/div>\n\t\t\t\t<\/div>\n\t\t\t\t\t<\/div>\n\t\t\t\t<\/div>\n\t\t\t\t<\/div>","protected":false},"excerpt":{"rendered":"<p>Terms of Use Welcome to the website of Bodrum Private Transfers. By accessing and using this website, you agree to comply with the following Terms of Use. These terms govern your access to and use of the website, including all content, services, and information provided through the platform. The purpose of this website is to [&hellip;]<\/p>\n","protected":false},"author":3,"featured_media":0,"parent":0,"menu_order":0,"comment_status":"closed","ping_status":"closed","template":"","meta":{"_yoast_wpseo_metadesc":"","_yoast_wpseo_canonical":"","_yoast_wpseo_opengraph-title":"","_yoast_wpseo_opengraph-description":"","_yoast_wpseo_opengraph-image":"","_yoast_wpseo_twitter-title":"","_yoast_wpseo_twitter-description":"","_yoast_wpseo_twitter-image":"","rank_math_description":"","rank_math_canonical_url":"","rank_math_facebook_title":"","rank_math_facebook_description":"","rank_math_facebook_image":"","rank_math_twitter_title":"","rank_math_twitter_description":"","rank_math_twitter_image":"","_seopress_titles_desc":"","_seopress_robots_canonical":"","_seopress_social_fb_title":"","_seopress_social_fb_desc":"","_seopress_social_fb_img":"","_seopress_social_twitter_title":"","_seopress_social_twitter_desc":"","_seopress_social_twitter_img":"","_yoast_wpseo_opengraph-image-id":0,"_yoast_wpseo_twitter-image-id":0,"rank_math_facebook_image_id":0,"rank_math_twitter_image_id":0,"footnotes":""},"class_list":["post-16328","page","type-page","status-publish","hentry"],"_links":{"self":[{"href":"https:\/\/bodrumprivatetransfers.com\/tr\/wp-json\/wp\/v2\/pages\/16328","targetHints":{"allow":["GET"]}}],"collection":[{"href":"https:\/\/bodrumprivatetransfers.com\/tr\/wp-json\/wp\/v2\/pages"}],"about":[{"href":"https:\/\/bodrumprivatetransfers.com\/tr\/wp-json\/wp\/v2\/types\/page"}],"author":[{"embeddable":true,"href":"https:\/\/bodrumprivatetransfers.com\/tr\/wp-json\/wp\/v2\/users\/3"}],"replies":[{"embeddable":true,"href":"https:\/\/bodrumprivatetransfers.com\/tr\/wp-json\/wp\/v2\/comments?post=16328"}],"version-history":[{"count":0,"href":"https:\/\/bodrumprivatetransfers.com\/tr\/wp-json\/wp\/v2\/pages\/16328\/revisions"}],"wp:attachment":[{"href":"https:\/\/bodrumprivatetransfers.com\/tr\/wp-json\/wp\/v2\/media?parent=16328"}],"curies":[{"name":"wp","href":"https:\/\/api.w.org\/{rel}","templated":true}]}}