{"id":16333,"date":"2026-03-14T14:51:41","date_gmt":"2026-03-14T11:51:41","guid":{"rendered":"https:\/\/bodrumprivatetransfers.com\/?page_id=16333"},"modified":"2026-03-14T17:55:22","modified_gmt":"2026-03-14T14:55:22","slug":"i%cc%87ptal-poli%cc%87ti%cc%87kasi","status":"publish","type":"page","link":"https:\/\/bodrumprivatetransfers.com\/tr\/i%cc%87ptal-poli%cc%87ti%cc%87kasi\/","title":{"rendered":"\u0130ptal Politikas\u0131"},"content":{"rendered":"<div data-elementor-type=\"wp-page\" data-elementor-id=\"16333\" class=\"elementor elementor-16333\" data-elementor-post-type=\"page\">\n\t\t\t\t<div class=\"elementor-element elementor-element-04e76a7 e-flex e-con-boxed e-con e-parent\" data-id=\"04e76a7\" data-element_type=\"container\" data-e-type=\"container\">\n\t\t\t\t\t<div class=\"e-con-inner\">\n\t\t\t\t<div class=\"elementor-element elementor-element-0a174fc elementor-widget elementor-widget-heading\" data-id=\"0a174fc\" data-element_type=\"widget\" data-e-type=\"widget\" data-widget_type=\"heading.default\">\n\t\t\t\t<div class=\"elementor-widget-container\">\n\t\t\t\t\t<h2 class=\"elementor-heading-title elementor-size-default\">\u0130ptal Politikas\u0131<\/h2>\t\t\t\t<\/div>\n\t\t\t\t<\/div>\n\t\t\t\t\t<\/div>\n\t\t\t\t<\/div>\n\t\t<div class=\"elementor-element elementor-element-79a18d5 e-flex e-con-boxed e-con e-parent\" data-id=\"79a18d5\" data-element_type=\"container\" data-e-type=\"container\">\n\t\t\t\t\t<div class=\"e-con-inner\">\n\t\t\t\t<div class=\"elementor-element elementor-element-ef95160 elementor-widget elementor-widget-text-editor\" data-id=\"ef95160\" data-element_type=\"widget\" data-e-type=\"widget\" data-widget_type=\"text-editor.default\">\n\t\t\t\t<div class=\"elementor-widget-container\">\n\t\t\t\t\t\t\t\t\t<p data-start=\"27\" data-end=\"517\">At <strong data-start=\"30\" data-end=\"58\">Bodrum \u00d6zel Transferler<\/strong>, seyahat planlar\u0131n\u0131n bazen beklenmedik ko\u015fullar nedeniyle de\u011fi\u015febilece\u011fini anl\u0131yoruz. Amac\u0131m\u0131z, l\u00fcks havaalan\u0131 transferi ve \u00f6zel ula\u015f\u0131m hizmetlerimizin g\u00fcvenilirli\u011fini ve kalitesini korurken esnek ve adil iptal ko\u015fullar\u0131 sa\u011flamakt\u0131r. Bu \u0130ptal Politikas\u0131, web sitemiz veya rezervasyon sistemimiz arac\u0131l\u0131\u011f\u0131yla rezerve edilen hizmetler i\u00e7in rezervasyon iptalleri, de\u011fi\u015fiklikleri ve geri \u00f6deme prosed\u00fcrleriyle ilgili h\u00fck\u00fcm ve ko\u015fullar\u0131 a\u00e7\u0131klamaktad\u0131r.<\/p><p data-start=\"519\" data-end=\"654\">ile rezervasyon yapt\u0131rarak <strong data-start=\"548\" data-end=\"576\">Bodrum \u00d6zel Transferler<\/strong>, bu \u0130ptal Politikas\u0131nda belirtilen \u015fartlar\u0131 kabul etmi\u015f say\u0131l\u0131rs\u0131n\u0131z.<\/p><h2 data-section-id=\"1vrgdpi\" data-start=\"656\" data-end=\"680\"><strong data-start=\"659\" data-end=\"680\">\u00dccretsiz \u0130ptal<\/strong><\/h2><p data-start=\"682\" data-end=\"975\">\u0130ptal talebinin yap\u0131lmas\u0131 halinde m\u00fc\u015fteriler transfer rezervasyonlar\u0131n\u0131 \u00fccretsiz olarak iptal edebilirler <strong data-start=\"781\" data-end=\"835\">planlanan teslim alma saatinden en az 24 saat \u00f6nce<\/strong>. Bu s\u00fcre i\u00e7inde iptal ba\u015fvurusunda bulunulmas\u0131 halinde, m\u00fc\u015fteriler rezervasyon i\u00e7in yapt\u0131klar\u0131 \u00f6demenin tamam\u0131n\u0131 geri alma hakk\u0131na sahip olacakt\u0131r.<\/p><p data-start=\"977\" data-end=\"1210\">Bu esnek iptal politikas\u0131, ister havaalan\u0131 transferleri, ister otel transferleri, ister b\u00f6lge i\u00e7inde \u00f6zel seyahat hizmetleri i\u00e7in rezervasyon yap\u0131yor olsunlar, Bodrum'da ula\u015f\u0131m hizmetleri planlarken yolculara g\u00f6n\u00fcl rahatl\u0131\u011f\u0131 sa\u011flamak i\u00e7in tasarlanm\u0131\u015ft\u0131r.<\/p><h2 data-section-id=\"tdetqm\" data-start=\"1212\" data-end=\"1236\"><strong data-start=\"1215\" data-end=\"1236\">Ge\u00e7 \u0130ptal<\/strong><\/h2><p data-start=\"1238\" data-end=\"1492\">Yap\u0131lan iptaller <strong data-start=\"1257\" data-end=\"1312\">planlanan teslim alma saatinden 24 saatten daha k\u0131sa bir s\u00fcre \u00f6nce<\/strong> tam para iadesi i\u00e7in uygun olmayabilir. Bu gibi durumlarda, ara\u00e7 ve s\u00fcr\u00fcc\u00fc hizmet i\u00e7in zaten planlanm\u0131\u015f oldu\u011fundan rezervasyon ge\u00e7 iptal olarak de\u011ferlendirilebilir.<\/p><p data-start=\"1494\" data-end=\"1697\">Ge\u00e7 iptaller, operasyonel maliyetlere ve programlama taahh\u00fctlerine ba\u011fl\u0131 olarak k\u0131smi \u00fccretlendirmelere neden olabilir. Bu ko\u015fullar<\/p><h2 data-section-id=\"8d3cx6\" data-start=\"1699\" data-end=\"1720\"><strong data-start=\"1702\" data-end=\"1720\">No-Show Politikas\u0131<\/strong><\/h2><p data-start=\"1722\" data-end=\"1863\">A <strong data-start=\"1724\" data-end=\"1735\">g\u00f6steri\u0307lmemi\u0307\u015f<\/strong> olu\u015fur<\/p><p data-start=\"1865\" data-end=\"2145\">AI i\u00e7in<\/p><p data-start=\"2147\" data-end=\"2333\">Rezervasyonun yap\u0131lmamas\u0131 durumunda rezervasyon genel olarak tamamlanm\u0131\u015f say\u0131lacak ve <strong data-start=\"2233\" data-end=\"2260\">para iadesi yap\u0131lamaz<\/strong>, \u00c7\u00fcnk\u00fc ara\u00e7 ve s\u00fcr\u00fcc\u00fc bu hizmet i\u00e7in \u00f6zel olarak tahsis edilmi\u015ftir.<\/p><h2 data-section-id=\"8qjwlt\" data-start=\"2335\" data-end=\"2361\"><strong data-start=\"2338\" data-end=\"2361\">Rezervasyonlarda Yap\u0131lan De\u011fi\u015fiklikler<\/strong><\/h2><p data-start=\"2363\" data-end=\"2472\">Seyahat planlar\u0131n\u0131n de\u011fi\u015febilece\u011finin fark\u0131nday\u0131z. M\u00fc\u015fterilerimiz rezervasyonlar\u0131nda a\u015fa\u011f\u0131daki gibi de\u011fi\u015fiklikler talep edebilirler:<\/p><ul data-start=\"2474\" data-end=\"2608\"><li data-section-id=\"1khjllf\" data-start=\"2474\" data-end=\"2502\"><p data-start=\"2476\" data-end=\"2502\">Teslim alma saatinin de\u011fi\u015ftirilmesi<\/p><\/li><li data-section-id=\"1btjpdc\" data-start=\"2503\" data-end=\"2544\"><p data-start=\"2505\" data-end=\"2544\">Teslim alma veya b\u0131rakma konumlar\u0131n\u0131n g\u00fcncellenmesi<\/p><\/li><li data-section-id=\"16tgpz1\" data-start=\"2545\" data-end=\"2576\"><p data-start=\"2547\" data-end=\"2576\">Yolcu ayr\u0131nt\u0131lar\u0131n\u0131 ayarlama<\/p><\/li><li data-section-id=\"t0hqg\" data-start=\"2577\" data-end=\"2608\"><p data-start=\"2579\" data-end=\"2608\">U\u00e7u\u015f bilgilerinin g\u00fcncellenmesi<\/p><\/li><\/ul><p data-start=\"2610\" data-end=\"2803\">M\u00fcmk\u00fcn oldu\u011funda, <strong data-start=\"2629\" data-end=\"2657\">Bodrum \u00d6zel Transferler<\/strong> rezervasyon de\u011fi\u015fikliklerini kar\u015f\u0131lamak i\u00e7in makul \u00e7abay\u0131 g\u00f6sterecektir. Ancak, de\u011fi\u015fiklikler ara\u00e7 mevcudiyetine ve programlama ko\u015fullar\u0131na ba\u011fl\u0131 olabilir.<\/p><p data-start=\"2805\" data-end=\"2898\">M\u00fc\u015fterilerin herhangi bir de\u011fi\u015fiklik gerekti\u011finde ekibimizi m\u00fcmk\u00fcn oldu\u011funca erken bilgilendirmeleri tavsiye edilir.<\/p><h2 data-section-id=\"1m0i0ge\" data-start=\"2900\" data-end=\"2943\"><strong data-start=\"2903\" data-end=\"2943\">U\u00e7u\u015f R\u00f6tarlar\u0131 ve Seyahat Aksakl\u0131klar\u0131<\/strong><\/h2><p data-start=\"2945\" data-end=\"3155\">Havaalan\u0131 transferleri i\u00e7in s\u00fcr\u00fcc\u00fclerimiz, rezervasyon i\u015flemi s\u0131ras\u0131nda u\u00e7u\u015f ayr\u0131nt\u0131lar\u0131 verildi\u011finde u\u00e7u\u015f var\u0131\u015f bilgilerini izler. Bir u\u00e7u\u015f gecikirse, \u015fof\u00f6r\u00fcm\u00fcz kar\u015f\u0131lama saatini buna g\u00f6re ayarlayacakt\u0131r.<\/p><p data-start=\"3157\" data-end=\"3371\">Bu hizmet, seyahat kesintileri meydana geldi\u011finde bile yolcular\u0131n sorunsuz bir \u015fekilde al\u0131nmas\u0131n\u0131 sa\u011flamaya yard\u0131mc\u0131 olur. Ancak, m\u00fc\u015fterilerimiz seyahat programlar\u0131nda \u00f6nemli de\u011fi\u015fiklikler olmas\u0131 halinde ekibimizi her zaman bilgilendirmelidir.<\/p><h2 data-section-id=\"x4a6w0\" data-start=\"3373\" data-end=\"3394\"><strong data-start=\"3376\" data-end=\"3394\">Geri \u00d6deme S\u00fcreci<\/strong><\/h2><p data-start=\"3396\" data-end=\"3589\">Bir iptal yukar\u0131da a\u00e7\u0131klanan ko\u015fullara g\u00f6re para iadesi i\u00e7in uygunsa, para iadesi m\u00fcmk\u00fcn oldu\u011funca orijinal rezervasyon i\u00e7in kullan\u0131lan ayn\u0131 \u00f6deme y\u00f6ntemi kullan\u0131larak yap\u0131lacakt\u0131r.<\/p><p data-start=\"3591\" data-end=\"3680\">\u0130ade i\u015flem s\u00fcreleri, \u00f6deme sa\u011flay\u0131c\u0131s\u0131na veya bankac\u0131l\u0131k prosed\u00fcrlerine ba\u011fl\u0131 olarak de\u011fi\u015febilir.<\/p><h2 data-section-id=\"y92721\" data-start=\"3682\" data-end=\"3702\"><strong data-start=\"3685\" data-end=\"3702\">M\u00fccbir Sebepler<\/strong><\/h2><p data-start=\"3704\" data-end=\"3987\">A\u015f\u0131r\u0131 hava ko\u015fullar\u0131, do\u011fal afetler, h\u00fck\u00fcmet k\u0131s\u0131tlamalar\u0131 veya di\u011fer ola\u011fan\u00fcst\u00fc olaylar gibi kontrol\u00fcm\u00fcz d\u0131\u015f\u0131ndaki durumlar\u0131 i\u00e7eren nadir durumlarda<strong data-start=\"3876\" data-end=\"3904\">Bodrum \u00d6zel Transferler<\/strong> g\u00fcvenlik nedeniyle gerekli oldu\u011funda hizmetleri de\u011fi\u015ftirme veya iptal etme hakk\u0131n\u0131 sakl\u0131 tutar.<\/p><p data-start=\"3989\" data-end=\"4111\">Bu gibi durumlarda, m\u00fc\u015fterileri bilgilendirmek ve m\u00fcmk\u00fcn oldu\u011funda alternatif \u00e7\u00f6z\u00fcmler sunmak i\u00e7in her zaman makul \u00e7abay\u0131 g\u00f6sterece\u011fiz.<\/p><h2 data-section-id=\"7g19dz\" data-start=\"4113\" data-end=\"4134\"><strong data-start=\"4116\" data-end=\"4134\">Politika G\u00fcncellemeleri<\/strong><\/h2><p data-start=\"4136\" data-end=\"4358\"><strong data-start=\"4136\" data-end=\"4164\">Bodrum \u00d6zel Transferler<\/strong> operasyonel de\u011fi\u015fiklikleri veya yasal gereklilikleri yans\u0131tmak i\u00e7in bu \u0130ptal Politikas\u0131n\u0131 zaman zaman g\u00fcncelleyebilir veya de\u011fi\u015ftirebilir. G\u00fcncellemeler ger\u00e7ekle\u015fti\u011finde, revize edilen politika bu sayfada yay\u0131nlanacakt\u0131r.<\/p><p data-start=\"4360\" data-end=\"4527\">M\u00fc\u015fteriler, hizmetlerimizi kullanarak ve web sitemiz \u00fczerinden transfer rezervasyonu yaparak, bu \u0130ptal Politikas\u0131nda belirtilen \u015fartlar\u0131 okuduklar\u0131n\u0131 ve kabul ettiklerini onaylam\u0131\u015f olurlar.<\/p><p data-start=\"4529\" data-end=\"4819\" data-is-last-node=\"\" data-is-only-node=\"\">\u0130ptaller, geri \u00f6demeler veya rezervasyon de\u011fi\u015fiklikleri ile ilgili sorular\u0131n\u0131z varsa, l\u00fctfen ileti\u015fime ge\u00e7in <strong data-start=\"4628\" data-end=\"4656\">Bodrum \u00d6zel Transferler<\/strong> web sitemizde bulunan ileti\u015fim bilgileri arac\u0131l\u0131\u011f\u0131yla bize ula\u015fabilirsiniz. Ekibimiz size yard\u0131mc\u0131 olmaktan ve seyahat deneyiminizin sorunsuz ve g\u00fcvenilir kalmas\u0131n\u0131 sa\u011flamaktan mutluluk duyacakt\u0131r.<\/p>\t\t\t\t\t\t\t\t<\/div>\n\t\t\t\t<\/div>\n\t\t\t\t\t<\/div>\n\t\t\t\t<\/div>\n\t\t\t\t<\/div>","protected":false},"excerpt":{"rendered":"<p>Cancellation Policy At Bodrum Private Transfers, we understand that travel plans can sometimes change due to unexpected circumstances. Our goal is to provide flexible and fair cancellation conditions while maintaining the reliability and quality of our luxury airport transfer and private transportation services. This Cancellation Policy explains the terms and conditions related to booking cancellations, [&hellip;]<\/p>\n","protected":false},"author":3,"featured_media":0,"parent":0,"menu_order":0,"comment_status":"closed","ping_status":"closed","template":"","meta":{"_yoast_wpseo_metadesc":"Read the cancellation policy for Bodrum Private Transfers. Learn about booking changes, refunds, and cancellation conditions.","_yoast_wpseo_canonical":"","_yoast_wpseo_opengraph-title":"","_yoast_wpseo_opengraph-description":"","_yoast_wpseo_opengraph-image":"","_yoast_wpseo_twitter-title":"","_yoast_wpseo_twitter-description":"","_yoast_wpseo_twitter-image":"","rank_math_description":"","rank_math_canonical_url":"","rank_math_facebook_title":"","rank_math_facebook_description":"","rank_math_facebook_image":"","rank_math_twitter_title":"","rank_math_twitter_description":"","rank_math_twitter_image":"","_seopress_titles_desc":"","_seopress_robots_canonical":"","_seopress_social_fb_title":"","_seopress_social_fb_desc":"","_seopress_social_fb_img":"","_seopress_social_twitter_title":"","_seopress_social_twitter_desc":"","_seopress_social_twitter_img":"","_yoast_wpseo_opengraph-image-id":0,"_yoast_wpseo_twitter-image-id":0,"rank_math_facebook_image_id":0,"rank_math_twitter_image_id":0,"footnotes":""},"class_list":["post-16333","page","type-page","status-publish","hentry"],"_links":{"self":[{"href":"https:\/\/bodrumprivatetransfers.com\/tr\/wp-json\/wp\/v2\/pages\/16333","targetHints":{"allow":["GET"]}}],"collection":[{"href":"https:\/\/bodrumprivatetransfers.com\/tr\/wp-json\/wp\/v2\/pages"}],"about":[{"href":"https:\/\/bodrumprivatetransfers.com\/tr\/wp-json\/wp\/v2\/types\/page"}],"author":[{"embeddable":true,"href":"https:\/\/bodrumprivatetransfers.com\/tr\/wp-json\/wp\/v2\/users\/3"}],"replies":[{"embeddable":true,"href":"https:\/\/bodrumprivatetransfers.com\/tr\/wp-json\/wp\/v2\/comments?post=16333"}],"version-history":[{"count":0,"href":"https:\/\/bodrumprivatetransfers.com\/tr\/wp-json\/wp\/v2\/pages\/16333\/revisions"}],"wp:attachment":[{"href":"https:\/\/bodrumprivatetransfers.com\/tr\/wp-json\/wp\/v2\/media?parent=16333"}],"curies":[{"name":"wp","href":"https:\/\/api.w.org\/{rel}","templated":true}]}}